{"id":2379,"date":"2022-03-28T08:47:23","date_gmt":"2022-03-28T08:47:23","guid":{"rendered":"http:\/\/www.rebustr.com\/?page_id=2379"},"modified":"2022-06-03T18:42:59","modified_gmt":"2022-06-03T18:42:59","slug":"gozde-turan","status":"publish","type":"page","link":"http:\/\/www.rebustr.com\/?page_id=2379","title":{"rendered":"G\u00f6zde Turan"},"content":{"rendered":"<p>[vc_row gap=&#8221;5&#8243; css=&#8221;.vc_custom_1648457478435{padding-top: 10px !important;padding-right: 10px !important;padding-bottom: 10px !important;padding-left: 10px !important;}&#8221;][vc_column css=&#8221;.vc_custom_1648457470399{padding-top: 80px !important;padding-right: 80px !important;padding-bottom: 80px !important;padding-left: 80px !important;}&#8221;][vc_column_text]<strong>G\u00f6zde Turan<\/strong><br \/>\n<em>G\u00f6zde Turan, t\u00fcm \u0130nsan Kaynaklar\u0131 s\u00fcre\u00e7lerindeki\u00a0 deneyimlerini birle\u015ftirerek bireylerin ve kurumlar\u0131n geli\u015fim s\u00fcrecine e\u015flik eder. U\u00e7tan uca t\u00fcm \u0130K s\u00fcre\u00e7lerinin yap\u0131lanmas\u0131, de\u011fi\u015ftirilmesi ve y\u00f6netilmesi konular\u0131nda aktif rol al\u0131r.<\/em><\/p>\n<p style=\"font-weight: 400;\">2003 y\u0131l\u0131nda Y\u0131ld\u0131z Teknik \u00dcniversitesi \u0130n\u015faat Fak\u00fcltesi \u00c7evre M\u00fchendisli\u011fi b\u00f6l\u00fcm\u00fcnden mezun olduktan sonra profesyonel kariyerine Yer Hizmetleri firmas\u0131 \u00c7elebi Hava Servisi\u2019nde ba\u015flam\u0131\u015f sonras\u0131nda \u00c7elebi Holding\u2019de t\u00fcm grup \u015firketlerinden sorumlu \u0130K Uzman\u0131 olarak g\u00f6rev alm\u0131\u015ft\u0131r. Daha sonra Do\u011fu\u015f Grubu Bilgi Teknolojieri \u015firketi Garanti Teknoloji\u2018de yenilik\u00e7i ve insana yat\u0131r\u0131m\u0131 hedefleyen pek \u00e7ok projede Yetkili Uzman olarak g\u00f6rev alm\u0131\u015ft\u0131r. Devam\u0131nda T\u00fcrkiye\u2019nin en b\u00fcy\u00fck e- ticaret hacmine sahip ve online seyahat hizmetleri konusunda global pazarda rekabet eden ilk T\u00fcrk \u015firketlerinden olan Metglobal Grup\u2019da \u0130nsan Kaynaklar\u0131 M\u00fcd\u00fcr\u00fc olarak \u00e7al\u0131\u015fm\u0131\u015ft\u0131r.<\/p>\n<p style=\"font-weight: 400;\">Daha sonra uzun s\u00fcren sekt\u00f6r deneyimini dan\u0131\u015fmanl\u0131\u011fa d\u00f6n\u00fc\u015ft\u00fcrm\u00fc\u015f Rebus Dan\u0131\u015fmanl\u0131\u011f\u0131n kurucu orta\u011f\u0131 olarak a\u011f\u0131rl\u0131kl\u0131 olarak bili\u015fim sekt\u00f6r\u00fcne \u0130nsan Kaynaklar\u0131 Yap\u0131lanmas\u0131 ve De\u011fi\u015fim Y\u00f6netimi s\u00fcre\u00e7lerinde dan\u0131\u015fmanl\u0131k vermi\u015ftir. Ard\u0131ndan dan\u0131\u015fmanl\u0131k verdi\u011fi Softtech firmas\u0131nda 3 y\u0131la yak\u0131n \u0130nsan Kaynaklar\u0131 Direkt\u00f6r\u00fc olarak \u00e7al\u0131\u015fm\u0131\u015ft\u0131r. T\u00fcrkiye\u2019nin en b\u00fcy\u00fck yerli sermayeli yaz\u0131l\u0131m firmas\u0131 olan Softtech\u2019te 1500 ki\u015filik \u00e7al\u0131\u015fan kadrosunun t\u00fcm \u0130nsan Kaynaklar\u0131 s\u00fcre\u00e7lerini u\u00e7tan uca y\u00f6netmi\u015ftir. Sonras\u0131nda yeniden\u00a0 dan\u0131\u015fmanl\u0131k koltu\u011funa geri d\u00f6nerek \u015firketlerin IT birimlerinin olu\u015fturulmas\u0131, yap\u0131land\u0131r\u0131lmas\u0131\u00a0 ve de\u011fi\u015fim y\u00f6netimi konular\u0131nda bir\u00e7ok projeye imza atm\u0131\u015ft\u0131r.<\/p>\n<p style=\"font-weight: 400;\">Bunlar\u0131n haricinde \u201c\u0130leti\u015fim Becerileri\u201d, \u201cStres Y\u00f6netimi\u201d ve \u201cM\u00fc\u015fteri Odakl\u0131l\u0131k\u201d konular\u0131nda Turan\u2019\u0131n drama i\u00e7eren teatral e\u011fitim \u00e7al\u0131\u015fmalar\u0131 vard\u0131r. Turan ayr\u0131ca profesyonel olarak k\u0131sa film ve reklam oyunculu\u011fu yapmaktad\u0131r.<\/p>\n<p>[\/vc_column_text][\/vc_column][\/vc_row]<\/p>\n","protected":false},"excerpt":{"rendered":"<p>[vc_row gap=&#8221;5&#8243; css=&#8221;.vc_custom_1648457478435{padding-top: 10px !important;padding-right: 10px !important;padding-bottom: 10px !important;padding-left: 10px !important;}&#8221;][vc_column css=&#8221;.vc_custom_1648457470399{padding-top: 80px !important;padding-right: 80px !important;padding-bottom: 80px !important;padding-left: 80px !important;}&#8221;][vc_column_text]G\u00f6zde Turan G\u00f6zde Turan, t\u00fcm \u0130nsan Kaynaklar\u0131 s\u00fcre\u00e7lerindeki\u00a0 deneyimlerini birle\u015ftirerek bireylerin ve kurumlar\u0131n geli\u015fim s\u00fcrecine e\u015flik eder. U\u00e7tan uca t\u00fcm \u0130K s\u00fcre\u00e7lerinin yap\u0131lanmas\u0131, de\u011fi\u015ftirilmesi ve y\u00f6netilmesi konular\u0131nda aktif rol al\u0131r. 2003 y\u0131l\u0131nda Y\u0131ld\u0131z Teknik \u00dcniversitesi \u0130n\u015faat [&hellip;]<\/p>\n","protected":false},"author":1,"featured_media":0,"parent":0,"menu_order":0,"comment_status":"closed","ping_status":"closed","template":"","meta":[],"_links":{"self":[{"href":"http:\/\/www.rebustr.com\/index.php?rest_route=\/wp\/v2\/pages\/2379"}],"collection":[{"href":"http:\/\/www.rebustr.com\/index.php?rest_route=\/wp\/v2\/pages"}],"about":[{"href":"http:\/\/www.rebustr.com\/index.php?rest_route=\/wp\/v2\/types\/page"}],"author":[{"embeddable":true,"href":"http:\/\/www.rebustr.com\/index.php?rest_route=\/wp\/v2\/users\/1"}],"replies":[{"embeddable":true,"href":"http:\/\/www.rebustr.com\/index.php?rest_route=%2Fwp%2Fv2%2Fcomments&post=2379"}],"version-history":[{"count":15,"href":"http:\/\/www.rebustr.com\/index.php?rest_route=\/wp\/v2\/pages\/2379\/revisions"}],"predecessor-version":[{"id":2456,"href":"http:\/\/www.rebustr.com\/index.php?rest_route=\/wp\/v2\/pages\/2379\/revisions\/2456"}],"wp:attachment":[{"href":"http:\/\/www.rebustr.com\/index.php?rest_route=%2Fwp%2Fv2%2Fmedia&parent=2379"}],"curies":[{"name":"wp","href":"https:\/\/api.w.org\/{rel}","templated":true}]}}