{"id":2394,"date":"2022-03-28T08:54:00","date_gmt":"2022-03-28T08:54:00","guid":{"rendered":"http:\/\/www.rebustr.com\/?page_id=2394"},"modified":"2022-06-03T19:03:17","modified_gmt":"2022-06-03T19:03:17","slug":"derya-sarikayalar","status":"publish","type":"page","link":"http:\/\/www.rebustr.com\/?page_id=2394","title":{"rendered":"Derya Sar\u0131kayalar"},"content":{"rendered":"<p>[vc_row][vc_column css=&#8221;.vc_custom_1648457639001{padding-top: 80px !important;padding-right: 80px !important;padding-bottom: 80px !important;padding-left: 80px !important;}&#8221;][vc_column_text]<strong><em>Derya<\/em> Sar\u0131kayalar<\/strong><\/p>\n<p><em>Derya Sar\u0131kayalar Mali i\u015fler ve stratejik\u00a0y\u00f6netim konusundaki deneyimlerini birle\u015ftirerek\u00a0kurumlar\u0131n geli\u015fim s\u00fcrecine e\u015flik eder.\u00a0<\/em><em>S\u00fcre\u00e7 dan\u0131\u015fmanl\u0131\u011f\u0131yla, kurumlar\u0131n sistemle\u015fme\u00a0s\u00fcrecindeki her a\u015famas\u0131nda olarak aktif rol al\u0131r.<\/em><\/p>\n<p>1997 y\u0131l\u0131nda Anadolu \u00dcniversitesi \u0130\u015fletme Bilimleri B\u00f6l\u00fcm\u00fcnden mezun olduktan sonra profesyonel kariyerine Ernst &amp; Young\u2019ta ba\u015flam\u0131\u015f ve bu s\u00fcre zarf\u0131nda Newport Universty \u2018de MBA (Master Business Administration) derecesini tamamlam\u0131\u015ft\u0131r.<\/p>\n<p>Kendi sekt\u00f6rlerinde ilk 500 i\u00e7erisinde yer alan ulusal ve uluslararas\u0131 firmalarda \u00fcst d\u00fczey y\u00f6neticilik g\u00f6revi yapan Sar\u0131kayalar\u2019\u0131n hizmet verdi\u011fi firmalar; Bristol Myers, Ernst&amp;Young, Innova IT Solutions, Compass Group, Doruk Group, MetGlobal Group,Softtech Teknoloji..<\/p>\n<p>20+ y\u0131ll\u0131k i\u015f deneyimi boyunca mali i\u015fler kapsam\u0131nda bir\u00e7ok firmada hem kurum i\u00e7i hem de kurum d\u0131\u015f\u0131 projeler y\u00f6netmi\u015ftir. Bunlarla beraber, \u015firket al\u0131m\u0131, birle\u015fme ve de\u011ferleme s\u00fcre\u00e7lerinde aktif olarak rol alm\u0131\u015f,bir\u00e7ok ba\u015far\u0131l\u0131 \u015eirket al\u0131m,sat\u0131m ve halka arz y\u00f6netmi\u015ftir.<\/p>\n<p>Finansal Teknoloji \u00fcr\u00fcn\u00fc yap\u0131land\u0131rma , geli\u015ftirme s\u00fcre\u00e7lerine aktif olarak devam etmektedir.[\/vc_column_text][\/vc_column][\/vc_row]<\/p>\n","protected":false},"excerpt":{"rendered":"<p>[vc_row][vc_column css=&#8221;.vc_custom_1648457639001{padding-top: 80px !important;padding-right: 80px !important;padding-bottom: 80px !important;padding-left: 80px !important;}&#8221;][vc_column_text]Derya Sar\u0131kayalar Derya Sar\u0131kayalar Mali i\u015fler ve stratejik\u00a0y\u00f6netim konusundaki deneyimlerini birle\u015ftirerek\u00a0kurumlar\u0131n geli\u015fim s\u00fcrecine e\u015flik eder.\u00a0S\u00fcre\u00e7 dan\u0131\u015fmanl\u0131\u011f\u0131yla, kurumlar\u0131n sistemle\u015fme\u00a0s\u00fcrecindeki her a\u015famas\u0131nda olarak aktif rol al\u0131r. 1997 y\u0131l\u0131nda Anadolu \u00dcniversitesi \u0130\u015fletme Bilimleri B\u00f6l\u00fcm\u00fcnden mezun olduktan sonra profesyonel kariyerine Ernst &amp; Young\u2019ta ba\u015flam\u0131\u015f ve bu s\u00fcre zarf\u0131nda Newport Universty [&hellip;]<\/p>\n","protected":false},"author":1,"featured_media":0,"parent":0,"menu_order":0,"comment_status":"closed","ping_status":"closed","template":"","meta":[],"_links":{"self":[{"href":"http:\/\/www.rebustr.com\/index.php?rest_route=\/wp\/v2\/pages\/2394"}],"collection":[{"href":"http:\/\/www.rebustr.com\/index.php?rest_route=\/wp\/v2\/pages"}],"about":[{"href":"http:\/\/www.rebustr.com\/index.php?rest_route=\/wp\/v2\/types\/page"}],"author":[{"embeddable":true,"href":"http:\/\/www.rebustr.com\/index.php?rest_route=\/wp\/v2\/users\/1"}],"replies":[{"embeddable":true,"href":"http:\/\/www.rebustr.com\/index.php?rest_route=%2Fwp%2Fv2%2Fcomments&post=2394"}],"version-history":[{"count":4,"href":"http:\/\/www.rebustr.com\/index.php?rest_route=\/wp\/v2\/pages\/2394\/revisions"}],"predecessor-version":[{"id":2469,"href":"http:\/\/www.rebustr.com\/index.php?rest_route=\/wp\/v2\/pages\/2394\/revisions\/2469"}],"wp:attachment":[{"href":"http:\/\/www.rebustr.com\/index.php?rest_route=%2Fwp%2Fv2%2Fmedia&parent=2394"}],"curies":[{"name":"wp","href":"https:\/\/api.w.org\/{rel}","templated":true}]}}