{"id":1026,"date":"2019-03-18T08:33:54","date_gmt":"2019-03-18T08:33:54","guid":{"rendered":"http:\/\/localhost\/consultax\/?page_id=1026"},"modified":"2023-06-14T12:48:44","modified_gmt":"2023-06-14T12:48:44","slug":"biz-kimiz","status":"publish","type":"page","link":"https:\/\/www.rebustr.com\/?page_id=1026","title":{"rendered":"Biz Kimiz"},"content":{"rendered":"<p>[vc_row el_class=&#8221;section-padd&#8221;][vc_column]\n    <div class=\"section-head \">\n                <h2 class=\"section-title\">Biz Kimiz ?<\/h2>\n            <\/div>\n\n[vc_column_text css=&#8221;.vc_custom_1648662004877{margin-bottom: 30px !important;}&#8221;]<\/p>\n<p class=\"offset-3\">Rebus Dan\u0131\u015fmanl\u0131k, kurumlar\u0131n, sistemle\u015fme ve kurumsalla\u015fma yolculuklar\u0131nda ula\u015fmak istedikleri hedeflere giden zorlu de\u011fi\u015fim hikayelerinde hem s\u00fcre\u00e7 analiz ve modelleme , hem insan kayna\u011f\u0131 y\u00f6netimi, hem de finansal y\u00f6netim ve stratejik planlama noktalar\u0131nda i\u015fbirli\u011fi yaratmak amac\u0131yla kurulmu\u015ftur.<\/p>\n<p>&#8220;Sistemin par\u00e7as\u0131 olmadan sistemi de\u011fi\u015ftiremezsiniz!&#8221; mottosu ile kurumlara de\u011fer katmak en b\u00fcy\u00fck hedefimiz.[\/vc_column_text][\/vc_column][\/vc_row][vc_row el_class=&#8221;section-padd&#8221; css=&#8221;.vc_custom_1654710372671{margin-top: -130px !important;}&#8221;][vc_column css=&#8221;.vc_custom_1654710406939{margin-top: 20px !important;}&#8221;]\n    <div class=\"section-head \">\n                <h2 class=\"section-title\">Ekibimiz<\/h2>\n            <\/div>\n\n[vc_row_inner][vc_column_inner width=&#8221;1\/3&#8243;]\n    <div class=\"service-box image-box \">\n        <a href=\"http:\/\/www.rebustr.com\/?page_id=2394\"><img width=\"584\" height=\"432\" src=\"https:\/\/www.rebustr.com\/wp-content\/uploads\/2022\/03\/derya-sarikaya.jpg\" class=\"attachment-full size-full\" alt=\"\" loading=\"lazy\" srcset=\"https:\/\/www.rebustr.com\/wp-content\/uploads\/2022\/03\/derya-sarikaya.jpg 584w, https:\/\/www.rebustr.com\/wp-content\/uploads\/2022\/03\/derya-sarikaya-300x222.jpg 300w\" sizes=\"(max-width: 584px) 100vw, 584px\" \/><\/a>        <div class=\"content-box\">\n            <h4>Derya Sar\u0131kayalar<\/h4>\n            <p><\/p>\n            <a class=\"link-box pagelink\" href=\"http:\/\/www.rebustr.com\/?page_id=2394\" target=\"_blank\"><\/a>        <\/div>\n    <\/div>\n\n    [\/vc_column_inner][vc_column_inner width=&#8221;1\/3&#8243;]\n    <div class=\"service-box image-box \">\n        <a href=\"http:\/\/www.rebustr.com\/?page_id=2379\"><img width=\"584\" height=\"432\" src=\"https:\/\/www.rebustr.com\/wp-content\/uploads\/2022\/03\/gozde-turan.jpg\" class=\"attachment-full size-full\" alt=\"\" loading=\"lazy\" srcset=\"https:\/\/www.rebustr.com\/wp-content\/uploads\/2022\/03\/gozde-turan.jpg 584w, https:\/\/www.rebustr.com\/wp-content\/uploads\/2022\/03\/gozde-turan-300x222.jpg 300w\" sizes=\"(max-width: 584px) 100vw, 584px\" \/><\/a>        <div class=\"content-box\">\n            <h4>G\u00f6zde Turan<\/h4>\n            <p><\/p>\n            <a class=\"link-box pagelink\" href=\"http:\/\/www.rebustr.com\/?page_id=2379\" target=\"_blank\"><\/a>        <\/div>\n    <\/div>\n\n    [\/vc_column_inner][vc_column_inner width=&#8221;1\/3&#8243;]\n    <div class=\"service-box image-box \">\n        <a href=\"http:\/\/www.rebustr.com\/?page_id=2396\"><img width=\"584\" height=\"432\" src=\"https:\/\/www.rebustr.com\/wp-content\/uploads\/2022\/03\/Seniha-Kocyigit.jpg\" class=\"attachment-full size-full\" alt=\"\" loading=\"lazy\" srcset=\"https:\/\/www.rebustr.com\/wp-content\/uploads\/2022\/03\/Seniha-Kocyigit.jpg 584w, https:\/\/www.rebustr.com\/wp-content\/uploads\/2022\/03\/Seniha-Kocyigit-300x222.jpg 300w\" sizes=\"(max-width: 584px) 100vw, 584px\" \/><\/a>        <div class=\"content-box\">\n            <h4>Seniha Ko\u00e7yi\u011fit<\/h4>\n            <p><\/p>\n            <a class=\"link-box pagelink\" href=\"http:\/\/www.rebustr.com\/?page_id=2396\" target=\"_blank\"><\/a>        <\/div>\n    <\/div>\n\n    [\/vc_column_inner][\/vc_row_inner][vc_row_inner][vc_column_inner][\/vc_column_inner][\/vc_row_inner][\/vc_column][\/vc_row][vc_row el_class=&#8221;section-padd&#8221; css=&#8221;.vc_custom_1648450475440{margin-top: -150px !important;}&#8221;][vc_column][vc_row_inner][vc_column_inner][vc_custom_heading text=&#8221;Neden Bizi Tercih Etmelisiniz ?&#8221; font_container=&#8221;tag:h2|font_size:35|text_align:center|color:%237b2f68&#8243; use_theme_fonts=&#8221;yes&#8221;][\/vc_column_inner][\/vc_row_inner][vc_separator style=&#8221;dotted&#8221; css=&#8221;.vc_custom_1648454026478{margin-top: 20px !important;}&#8221;][vc_row_inner][vc_column_inner width=&#8221;1\/2&#8243;][vc_custom_heading text=&#8221;Kurum ihtiya\u00e7lar\u0131n\u0131za uyarlanabilir 20 y\u0131ll\u0131k tecr\u00fcbe&#8221; font_container=&#8221;tag:h2|font_size:17|text_align:left|color:%23494949&#8243; use_theme_fonts=&#8221;yes&#8221; css_animation=&#8221;fadeInLeft&#8221;][\/vc_column_inner][vc_column_inner width=&#8221;1\/2&#8243;][vc_custom_heading text=&#8221;G\u00fcvenilir, yetkin ve i\u015fbirlik\u00e7i yakla\u015f\u0131m&#8221; font_container=&#8221;tag:h2|font_size:18|text_align:right|color:%23494949&#8243; use_theme_fonts=&#8221;yes&#8221; css_animation=&#8221;fadeInRight&#8221;][\/vc_column_inner][\/vc_row_inner][vc_row_inner][vc_column_inner width=&#8221;1\/2&#8243;][vc_custom_heading text=&#8221;Esnek \u00e7\u00f6z\u00fcm \u00f6nerilerimiz&#8221; font_container=&#8221;tag:h2|font_size:18|text_align:left|color:%23494949&#8243; use_theme_fonts=&#8221;yes&#8221; css_animation=&#8221;fadeInLeft&#8221;][\/vc_column_inner][vc_column_inner width=&#8221;1\/2&#8243;][vc_custom_heading text=&#8221;Ba\u015far\u0131lar\u0131n\u0131z i\u00e7in heves ve iste\u011fimiz&#8221; font_container=&#8221;tag:h2|font_size:18|text_align:right|color:%23494949&#8243; use_theme_fonts=&#8221;yes&#8221; css_animation=&#8221;fadeInRight&#8221;][\/vc_column_inner][\/vc_row_inner][\/vc_column][\/vc_row][vc_row equal_height=&#8221;yes&#8221; disable_element=&#8221;yes&#8221; el_class=&#8221;section-padd&#8221; css=&#8221;.vc_custom_1648459647279{margin-top: -140px !important;}&#8221;][vc_column]\n    <div class=\"section-head has-line\">\n                    <h6><span>Partnerlerimiz<\/span><\/h6>\n            <\/div>\n\n[vc_empty_space height=&#8221;30px&#8221;]\n    <div class=\"partner-slider image-carousel \" data-show=\"5\" data-arrow=\"false\">\n                <div>\n            <div class=\"partner-item text-center clearfix\">\n                <div class=\"inner\">\n                                            <div class=\"thumb\">\n                            <img width=\"270\" height=\"116\" src=\"https:\/\/www.rebustr.com\/wp-content\/uploads\/2022\/02\/vektora01-1.png\" class=\"attachment-full size-full\" alt=\"\" loading=\"lazy\" \/>                        <\/div>\n                                    <\/div>\n            <\/div>\n        <\/div>\n                <div>\n            <div class=\"partner-item text-center clearfix\">\n                <div class=\"inner\">\n                                            <div class=\"thumb\">\n                            <img width=\"270\" height=\"116\" src=\"https:\/\/www.rebustr.com\/wp-content\/uploads\/2022\/02\/ritmus01-1.png\" class=\"attachment-full size-full\" alt=\"\" loading=\"lazy\" \/>                        <\/div>\n                                    <\/div>\n            <\/div>\n        <\/div>\n                <div>\n            <div class=\"partner-item text-center clearfix\">\n                <div class=\"inner\">\n                                            <div class=\"thumb\">\n                            <img width=\"270\" height=\"116\" src=\"https:\/\/www.rebustr.com\/wp-content\/uploads\/2022\/02\/metglobal01-1.png\" class=\"attachment-full size-full\" alt=\"\" loading=\"lazy\" \/>                        <\/div>\n                                    <\/div>\n            <\/div>\n        <\/div>\n                <div>\n            <div class=\"partner-item text-center clearfix\">\n                <div class=\"inner\">\n                                            <div class=\"thumb\">\n                            <img width=\"270\" height=\"116\" src=\"https:\/\/www.rebustr.com\/wp-content\/uploads\/2022\/02\/karcher01-1.png\" class=\"attachment-full size-full\" alt=\"\" loading=\"lazy\" \/>                        <\/div>\n                                    <\/div>\n            <\/div>\n        <\/div>\n                <div>\n            <div class=\"partner-item text-center clearfix\">\n                <div class=\"inner\">\n                                            <div class=\"thumb\">\n                            <img width=\"270\" height=\"116\" src=\"https:\/\/www.rebustr.com\/wp-content\/uploads\/2022\/02\/celebi01-1.png\" class=\"attachment-full size-full\" alt=\"\" loading=\"lazy\" \/>                        <\/div>\n                                    <\/div>\n            <\/div>\n        <\/div>\n                <div>\n            <div class=\"partner-item text-center clearfix\">\n                <div class=\"inner\">\n                                            <div class=\"thumb\">\n                            <img width=\"270\" height=\"116\" src=\"https:\/\/www.rebustr.com\/wp-content\/uploads\/2022\/02\/bigchef01-1.png\" class=\"attachment-full size-full\" alt=\"\" loading=\"lazy\" \/>                        <\/div>\n                                    <\/div>\n            <\/div>\n        <\/div>\n            <\/div>\n\n    [vc_empty_space height=&#8221;12px&#8221;][\/vc_column][\/vc_row][vc_row css=&#8221;.vc_custom_1645711148244{padding-top: 80px !important;padding-bottom: 80px !important;background-image: url(http:\/\/www.rebustr.com\/wp-content\/uploads\/2022\/02\/121313131.jpg?id=2306) !important;background-position: center !important;background-repeat: no-repeat !important;background-size: cover !important;}&#8221; el_class=&#8221;mobile-padd&#8221;][vc_column css=&#8221;.vc_custom_1645711203844{margin-top: -60px !important;}&#8221;][\/vc_column][vc_column width=&#8221;1\/3&#8243; css=&#8221;.vc_custom_1553072483755{padding-right: 1px !important;}&#8221;]\n        <div class=\"fun-facts  bg-light\">\n        <div class=\"icon-fact\">\n                        <i class=\"ion ion-md-ion ion-ios-people ion-logo-ion ion-ios-people\"><\/i>        <\/div>\n        <h4><span class=\"number text-primary bolder\" data-to=\"20\" data-inviewport=\"yes\">0<\/span> <span class=\"bolder text-primary\">Y\u0131l Deneyim<\/span> <\/h4>\n    <\/div>\n    \n    [vc_empty_space height=&#8221;30px&#8221; el_class=&#8221;lg-hidden md-hidden&#8221;][\/vc_column][vc_column width=&#8221;1\/3&#8243; css=&#8221;.vc_custom_1553072489777{padding-right: 1px !important;padding-left: 1px !important;}&#8221;]\n        <div class=\"fun-facts  bg-light\">\n        <div class=\"icon-fact\">\n                        <i class=\"ion ion-md-ion ion-ios-document ion-logo-ion ion-ios-document\"><\/i>        <\/div>\n        <h4><span class=\"number text-primary bolder\" data-to=\"30\" data-inviewport=\"yes\">0<\/span> <span class=\"bolder text-primary\">Ba\u015far\u0131l\u0131 Proje<\/span> <\/h4>\n    <\/div>\n    \n    [vc_empty_space height=&#8221;30px&#8221; el_class=&#8221;lg-hidden md-hidden&#8221;][\/vc_column][vc_column width=&#8221;1\/3&#8243; css=&#8221;.vc_custom_1553072493585{padding-left: 1px !important;}&#8221;]\n        <div class=\"fun-facts  bg-light\">\n        <div class=\"icon-fact\">\n                        <i class=\"ion ion-md-ion ion-ios-person ion-logo-ion ion-ios-person\"><\/i>        <\/div>\n        <h4><span class=\"number text-primary bolder\" data-to=\"2\" data-inviewport=\"yes\">0<\/span> <span class=\"bolder text-primary\">\u00dcr\u00fcn<\/span> <\/h4>\n    <\/div>\n    \n    [\/vc_column][\/vc_row]<\/p>\n","protected":false},"excerpt":{"rendered":"<p>[vc_row el_class=&#8221;section-padd&#8221;][vc_column][vc_column_text css=&#8221;.vc_custom_1648662004877{margin-bottom: 30px !important;}&#8221;] Rebus Dan\u0131\u015fmanl\u0131k, kurumlar\u0131n, sistemle\u015fme ve kurumsalla\u015fma yolculuklar\u0131nda ula\u015fmak istedikleri hedeflere giden zorlu de\u011fi\u015fim hikayelerinde hem s\u00fcre\u00e7 analiz ve modelleme , hem insan kayna\u011f\u0131 y\u00f6netimi, hem de finansal y\u00f6netim ve stratejik planlama noktalar\u0131nda i\u015fbirli\u011fi yaratmak amac\u0131yla kurulmu\u015ftur. &#8220;Sistemin par\u00e7as\u0131 olmadan sistemi de\u011fi\u015ftiremezsiniz!&#8221; mottosu ile kurumlara de\u011fer katmak en b\u00fcy\u00fck hedefimiz.[\/vc_column_text][\/vc_column][\/vc_row][vc_row el_class=&#8221;section-padd&#8221; [&hellip;]<\/p>\n","protected":false},"author":1,"featured_media":0,"parent":0,"menu_order":0,"comment_status":"closed","ping_status":"closed","template":"","meta":[],"_links":{"self":[{"href":"https:\/\/www.rebustr.com\/index.php?rest_route=\/wp\/v2\/pages\/1026"}],"collection":[{"href":"https:\/\/www.rebustr.com\/index.php?rest_route=\/wp\/v2\/pages"}],"about":[{"href":"https:\/\/www.rebustr.com\/index.php?rest_route=\/wp\/v2\/types\/page"}],"author":[{"embeddable":true,"href":"https:\/\/www.rebustr.com\/index.php?rest_route=\/wp\/v2\/users\/1"}],"replies":[{"embeddable":true,"href":"https:\/\/www.rebustr.com\/index.php?rest_route=%2Fwp%2Fv2%2Fcomments&post=1026"}],"version-history":[{"count":66,"href":"https:\/\/www.rebustr.com\/index.php?rest_route=\/wp\/v2\/pages\/1026\/revisions"}],"predecessor-version":[{"id":2550,"href":"https:\/\/www.rebustr.com\/index.php?rest_route=\/wp\/v2\/pages\/1026\/revisions\/2550"}],"wp:attachment":[{"href":"https:\/\/www.rebustr.com\/index.php?rest_route=%2Fwp%2Fv2%2Fmedia&parent=1026"}],"curies":[{"name":"wp","href":"https:\/\/api.w.org\/{rel}","templated":true}]}}