{"id":1327,"date":"2019-03-25T10:07:12","date_gmt":"2019-03-25T10:07:12","guid":{"rendered":"http:\/\/localhost\/consultax\/?page_id=1327"},"modified":"2022-06-03T19:13:29","modified_gmt":"2022-06-03T19:13:29","slug":"services-with-icon","status":"publish","type":"page","link":"https:\/\/www.rebustr.com\/?page_id=1327","title":{"rendered":"Hizmet ve \u00c7\u00f6z\u00fcmlerimiz"},"content":{"rendered":"<p>[vc_row equal_height=&#8221;yes&#8221; css=&#8221;.vc_custom_1554350606097{padding-top: 70px !important;padding-bottom: 100px !important;}&#8221;][vc_column width=&#8221;1\/2&#8243; offset=&#8221;vc_col-md-4&#8243;]\n        <div class=\"service-box icon-box  ionic  hover-box\">\n                <i class=\"ion-md-list-box ion-logo-list-box\"><\/i>                <div class=\"content-box\">\n            <h4>\u0130nsan Kaynaklar\u0131 Sistem Dan\u0131\u015fmanl\u0131\u011f\u0131<\/h4>\n            <p><\/p>\n<div><span lang=\"EN-US\">20 y\u0131l\u0131 a\u015fk\u0131n sekt\u00f6r tecr\u00fcbemizle birlikte kurumlar\u0131n insan kaynaklar\u0131 yap\u0131land\u0131rmas\u0131n\u0131 merkeze koydu\u011fumuzda&#8230;<\/span><\/div>\n<p><\/p>\n            <a class=\"link-box pagelink\" href=\"http:\/\/www.rebustr.com\/?page_id=2252\" target=\"_self\">Devam\u0131n\u0131 Oku<\/a>        <\/div>\n    <\/div>\n    \n    [vc_empty_space height=&#8221;30px&#8221;][\/vc_column][vc_column width=&#8221;1\/2&#8243; offset=&#8221;vc_col-md-4&#8243;]\n        <div class=\"service-box icon-box  ionic  hover-box\">\n                <i class=\"ion-md-podium ion-logo-podium\"><\/i>                <div class=\"content-box\">\n            <h4>Strateji Y\u00f6netimi Dan\u0131\u015fmanl\u0131k Hizmeti<\/h4>\n            <p><\/p>\n<div><span lang=\"EN-US\">Rebus olarak temel prensibimiz \u015firketin mevcut yap\u0131s\u0131n\u0131 do\u011fru anlay\u0131p, b\u00fcy\u00fcme yolculu\u011fundaki&#8230;<\/span><\/div>\n<p><\/p>\n            <a class=\"link-box pagelink\" href=\"http:\/\/www.rebustr.com\/?page_id=2249\" target=\"_self\">Devam\u0131n\u0131 Oku<\/a>        <\/div>\n    <\/div>\n    \n    [vc_empty_space height=&#8221;30px&#8221;][\/vc_column][vc_column width=&#8221;1\/2&#8243; offset=&#8221;vc_col-md-4&#8243;]\n        <div class=\"service-box icon-box  ionic  hover-box\">\n                <i class=\"ion-md-cash ion-logo-cash\"><\/i>                <div class=\"content-box\">\n            <h4>Geli\u015fim Merkezi Uygulamas\u0131<\/h4>\n            <p><\/p>\n<div><span lang=\"EN-US\">Geli\u015fim merkezi uygulamas\u0131ndaki temel esas \u00d6\u011frenme \u00c7evikli\u011fi kuram\u0131n\u0131 da baz ald\u0131\u011f\u0131m\u0131zda asl\u0131nda bireyin bunca y\u0131l tecr\u00fcbe etti\u011fi ve hakim oldu\u011fu ortam\u0131n d\u0131\u015f\u0131nda bir g\u00fcn ge\u00e7irmesini ve daha \u00f6nce&#8230;<\/span><\/div>\n<p><\/p>\n            <a class=\"link-box pagelink\" href=\"http:\/\/www.rebustr.com\/?page_id=2255\" target=\"_self\">Devam\u0131n\u0131 Oku<\/a>        <\/div>\n    <\/div>\n    \n    [vc_empty_space height=&#8221;30px&#8221;][\/vc_column][vc_column width=&#8221;1\/2&#8243; offset=&#8221;vc_col-md-4&#8243;]\n        <div class=\"service-box icon-box  ionic  hover-box\">\n                <i class=\"ion-md-wallet ion-logo-wallet\"><\/i>                <div class=\"content-box\">\n            <h4>Ki\u015fisel Ke\u015fif Programlar\u0131m\u0131z<\/h4>\n            <p>Her ge\u00e7en g\u00fcn zorlu\u011fu ve karma\u015f\u0131kl\u0131\u011f\u0131 artan ve rekabetin daha da belirginle\u015fti\u011fi i\u015f d\u00fcnyas\u0131nda kurumlar\u0131n nihai hedefi elbette s\u00fcrd\u00fcr\u00fclebilir geli\u015fim ve ba\u015far\u0131&#8230;<\/p>\n            <a class=\"link-box pagelink\" href=\"http:\/\/www.rebustr.com\/?page_id=2258\" target=\"_self\">Devam\u0131n\u0131 Oku<\/a>        <\/div>\n    <\/div>\n    \n    [vc_empty_space height=&#8221;30px&#8221;][\/vc_column][vc_column width=&#8221;1\/2&#8243; offset=&#8221;vc_col-md-4&#8243;]\n        <div class=\"service-box icon-box  ionic  hover-box\">\n                <i class=\"ion-md-cube ion-logo-cube\"><\/i>                <div class=\"content-box\">\n            <h4>Finansal Y\u00f6netim Dan\u0131\u015fmanl\u0131\u011f\u0131<\/h4>\n            <p>Finans Y\u00f6netimi ve S\u00fcre\u00e7leri Yap\u0131land\u0131rma Hizmetleri, Finansal Raporlama ve Entegre Performans Y\u00f6netimi, \u0130\u00e7 Kontrol\u2026<\/p>\n            <a class=\"link-box pagelink\" href=\"http:\/\/www.rebustr.com\/?page_id=2241\" target=\"_self\">Devam\u0131n\u0131 Oku<\/a>        <\/div>\n    <\/div>\n    \n    [vc_empty_space height=&#8221;30px&#8221;][\/vc_column][vc_column width=&#8221;1\/2&#8243; offset=&#8221;vc_col-md-4&#8243;]\n        <div class=\"service-box icon-box  ionic  hover-box\">\n                <i class=\"ion-md-umbrella ion-logo-umbrella\"><\/i>                <div class=\"content-box\">\n            <h4>Bireysel ve Kurumsal Ko\u00e7luk<\/h4>\n            <p>Bire bir ko\u00e7luk s\u00fcrecinde amac\u0131m\u0131z, Ki\u015fisel geli\u015fime yat\u0131r\u0131m yapan bireylerin, kendilerini ger\u00e7ekle\u015ftirme ve ya\u015famlar\u0131n\u0131 t\u00fcm potansiyellerini ortaya \u00e7\u0131kartacak\u2026<\/p>\n            <a class=\"link-box pagelink\" href=\"http:\/\/www.rebustr.com\/?page_id=2238\" target=\"_self\">Devam\u0131n\u0131 Oku<\/a>        <\/div>\n    <\/div>\n    \n    [vc_empty_space height=&#8221;30px&#8221;][\/vc_column][\/vc_row][vc_row css=&#8221;.vc_custom_1648713496336{margin-top: -120px !important;}&#8221;][vc_column css=&#8221;.vc_custom_1648454233645{margin-top: 35px !important;}&#8221;][vc_custom_heading text=&#8221;\u00dcr\u00fcnlerimiz&#8221; font_container=&#8221;tag:h2|text_align:center&#8221; use_theme_fonts=&#8221;yes&#8221; css=&#8221;.vc_custom_1648713567841{margin-top: 20px !important;}&#8221;][\/vc_column][\/vc_row][vc_row][vc_column width=&#8221;1\/2&#8243;]\n    <div class=\"text-center \">\n        <a  class=\"btn btn-large  \" href=\"https:\/\/www.peopleoma.com\" style=\"\">\u0130NSAN KAYNAKLARI ANAL\u0130T\u0130\u011e\u0130<\/a>\n    <\/div>\n\n    [\/vc_column][vc_column width=&#8221;1\/2&#8243;]\n    <div class=\"text-center \">\n        <a  class=\"btn btn-large  \" href=\"http:\/\/www.fincheckup.ai\" style=\"\">F\u0130NANSAL DENET\u0130M<\/a>\n    <\/div>\n\n    [\/vc_column][\/vc_row][vc_row css=&#8221;.vc_custom_1648713482233{margin-top: 70px !important;}&#8221;][vc_column width=&#8221;1\/2&#8243; css=&#8221;.vc_custom_1648454233645{margin-top: 35px !important;}&#8221;][vc_custom_heading text=&#8221;Kurumsalla\u015fma Yolculu\u011fu&#8221; use_theme_fonts=&#8221;yes&#8221; css=&#8221;.vc_custom_1648454217989{margin-top: 20px !important;}&#8221;][vc_column_text]<\/p>\n<div class=\"section-head \"><\/div>\n<div class=\"wpb_text_column wpb_content_element \">\n<div class=\"wpb_wrapper\">\n<p>Rebus dan\u0131\u015fmanlar\u0131 olarak, uzun y\u0131llard\u0131r profesyonel i\u015f ya\u015fam\u0131nda bir\u00e7ok ba\u015far\u0131l\u0131 projenin y\u00f6netilmesine, kurumsalla\u015fma s\u00fcrecinde ise bir\u00e7ok orta ve b\u00fcy\u00fck \u00f6l\u00e7ekli firmalar\u0131n s\u00fcre\u00e7 iyile\u015ftirmelerine destek oluyoruz. Bu s\u00fcre\u00e7leri y\u00f6netirken kar\u015f\u0131la\u015ft\u0131\u011f\u0131m\u0131z problemler i\u00e7in kurum ihtiya\u00e7lar\u0131na y\u00f6nelik profesyonel kadromuzla m\u00fc\u015fterilerimizin arad\u0131\u011f\u0131 de\u011feri yaratmak i\u00e7in \u00e7al\u0131\u015f\u0131yoruz.<\/p>\n<p>Kurumunuzun b\u00fcy\u00fckl\u00fc\u011f\u00fc ne olursa olsun, size sunabilece\u011fimiz avantajlar\u0131 ke\u015ffetmek i\u00e7in \u00a0Hizmetlerimizi inceleyebilirsiniz. Hizmetlerimizin her birinde \u015firkete ait bir\u00e7ok de\u011fi\u015fkenin bir arada de\u011ferlendirilmesinin kritik \u00f6neme sahip oldu\u011fu bilinci ile \u00e7al\u0131\u015fmalar\u0131m\u0131za mevcut durum analizini yaparak ba\u015fl\u0131yoruz.<\/p>\n<\/div>\n<\/div>\n<p>[\/vc_column_text][\/vc_column][vc_column width=&#8221;1\/2&#8243;][vc_single_image image=&#8221;577&#8243; img_size=&#8221;full&#8221; alignment=&#8221;center&#8221;][\/vc_column][\/vc_row]<\/p>\n","protected":false},"excerpt":{"rendered":"<p>[vc_row equal_height=&#8221;yes&#8221; css=&#8221;.vc_custom_1554350606097{padding-top: 70px !important;padding-bottom: 100px !important;}&#8221;][vc_column width=&#8221;1\/2&#8243; offset=&#8221;vc_col-md-4&#8243;][vc_empty_space height=&#8221;30px&#8221;][\/vc_column][vc_column width=&#8221;1\/2&#8243; offset=&#8221;vc_col-md-4&#8243;][vc_empty_space height=&#8221;30px&#8221;][\/vc_column][vc_column width=&#8221;1\/2&#8243; offset=&#8221;vc_col-md-4&#8243;][vc_empty_space height=&#8221;30px&#8221;][\/vc_column][vc_column width=&#8221;1\/2&#8243; offset=&#8221;vc_col-md-4&#8243;][vc_empty_space height=&#8221;30px&#8221;][\/vc_column][vc_column width=&#8221;1\/2&#8243; offset=&#8221;vc_col-md-4&#8243;][vc_empty_space height=&#8221;30px&#8221;][\/vc_column][vc_column width=&#8221;1\/2&#8243; offset=&#8221;vc_col-md-4&#8243;][vc_empty_space height=&#8221;30px&#8221;][\/vc_column][\/vc_row][vc_row css=&#8221;.vc_custom_1648713496336{margin-top: -120px !important;}&#8221;][vc_column css=&#8221;.vc_custom_1648454233645{margin-top: 35px !important;}&#8221;][vc_custom_heading text=&#8221;\u00dcr\u00fcnlerimiz&#8221; font_container=&#8221;tag:h2|text_align:center&#8221; use_theme_fonts=&#8221;yes&#8221; css=&#8221;.vc_custom_1648713567841{margin-top: 20px !important;}&#8221;][\/vc_column][\/vc_row][vc_row][vc_column width=&#8221;1\/2&#8243;][\/vc_column][vc_column width=&#8221;1\/2&#8243;][\/vc_column][\/vc_row][vc_row css=&#8221;.vc_custom_1648713482233{margin-top: 70px !important;}&#8221;][vc_column width=&#8221;1\/2&#8243; css=&#8221;.vc_custom_1648454233645{margin-top: 35px !important;}&#8221;][vc_custom_heading text=&#8221;Kurumsalla\u015fma Yolculu\u011fu&#8221; use_theme_fonts=&#8221;yes&#8221; css=&#8221;.vc_custom_1648454217989{margin-top: 20px !important;}&#8221;][vc_column_text] Rebus dan\u0131\u015fmanlar\u0131 olarak, [&hellip;]<\/p>\n","protected":false},"author":1,"featured_media":0,"parent":0,"menu_order":0,"comment_status":"closed","ping_status":"closed","template":"","meta":[],"_links":{"self":[{"href":"https:\/\/www.rebustr.com\/index.php?rest_route=\/wp\/v2\/pages\/1327"}],"collection":[{"href":"https:\/\/www.rebustr.com\/index.php?rest_route=\/wp\/v2\/pages"}],"about":[{"href":"https:\/\/www.rebustr.com\/index.php?rest_route=\/wp\/v2\/types\/page"}],"author":[{"embeddable":true,"href":"https:\/\/www.rebustr.com\/index.php?rest_route=\/wp\/v2\/users\/1"}],"replies":[{"embeddable":true,"href":"https:\/\/www.rebustr.com\/index.php?rest_route=%2Fwp%2Fv2%2Fcomments&post=1327"}],"version-history":[{"count":34,"href":"https:\/\/www.rebustr.com\/index.php?rest_route=\/wp\/v2\/pages\/1327\/revisions"}],"predecessor-version":[{"id":2482,"href":"https:\/\/www.rebustr.com\/index.php?rest_route=\/wp\/v2\/pages\/1327\/revisions\/2482"}],"wp:attachment":[{"href":"https:\/\/www.rebustr.com\/index.php?rest_route=%2Fwp%2Fv2%2Fmedia&parent=1327"}],"curies":[{"name":"wp","href":"https:\/\/api.w.org\/{rel}","templated":true}]}}