{"id":2238,"date":"2022-02-24T09:12:41","date_gmt":"2022-02-24T09:12:41","guid":{"rendered":"http:\/\/www.rebustr.com\/?page_id=2238"},"modified":"2022-02-24T09:15:19","modified_gmt":"2022-02-24T09:15:19","slug":"2238-2","status":"publish","type":"page","link":"https:\/\/www.rebustr.com\/?page_id=2238","title":{"rendered":"Bireysel ve Kurumsal Ko\u00e7luk"},"content":{"rendered":"<p>[vc_row][vc_column][vc_custom_heading text=&#8221;Bireysel ve Kurumsal Ko\u00e7luk&#8221; font_container=&#8221;tag:h2|text_align:left|color:%2385276b&#8221; use_theme_fonts=&#8221;yes&#8221;][\/vc_column][\/vc_row][vc_row][vc_column][vc_column_text]Bire bir ko\u00e7luk s\u00fcrecinde amac\u0131m\u0131z, Ki\u015fisel geli\u015fime yat\u0131r\u0131m yapan bireylerin, kendilerini ger\u00e7ekle\u015ftirme ve ya\u015famlar\u0131n\u0131 t\u00fcm potansiyellerini ortaya \u00e7\u0131kartacak \u015fekilde s\u00fcrd\u00fcrme s\u00fcrecinde ula\u015fmak istedikleri hedeflere ula\u015fmalar\u0131 \u00f6n\u00fcndeki engelleri buldurarak geli\u015fim yolcuklar\u0131na e\u015flik etmek.<\/p>\n<p>VUCA ; V \u2013 volatility; U \u2013 uncertainty; C \u2013 complexity; A \u2013 ambiguity<\/p>\n<p>Yani, kaygan, kesintisiz, karma\u015f\u0131k, belirsiz. D\u00fcnyan\u0131n i\u00e7inde bulundu\u011fu durumu daha iyi ifade eden 4 s\u0131fat var m\u0131d\u0131r? \u0130\u015fte bu VUCA ortam\u0131nda artan volatilite, belirsizlik, kompleksite, anla\u015f\u0131lmazl\u0131k \u00f6zellikle kurumlar\u0131n tepe ve orta kademe y\u00f6neticilerini her daim m\u00fccadele ve belirsizlikle ba\u015f ba\u015fa b\u0131rak\u0131yor.<\/p>\n<p>Ko\u00e7luk s\u00fcrecinde amac\u0131m\u0131z VUCA ile ba\u015fa \u00e7\u0131kmak ve ba\u015f\u0131nda bulundu\u011fum tak\u0131m\/organizasyonu ba\u015far\u0131ya ve mutlulu\u011fa ta\u015f\u0131mak i\u00e7in do\u011fru \u015feyleri biliyor, d\u00fc\u015f\u00fcn\u00fcyor, yap\u0131yor muyum sorusunu soran liderlerimize de\u011fi\u015fim ve geli\u015fim yolculuklar\u0131nda e\u015flik etmek.[\/vc_column_text][\/vc_column][\/vc_row][vc_row][vc_column][vc_empty_space height=&#8221;80px&#8221;][\/vc_column][\/vc_row]<\/p>\n","protected":false},"excerpt":{"rendered":"<p>[vc_row][vc_column][vc_custom_heading text=&#8221;Bireysel ve Kurumsal Ko\u00e7luk&#8221; font_container=&#8221;tag:h2|text_align:left|color:%2385276b&#8221; use_theme_fonts=&#8221;yes&#8221;][\/vc_column][\/vc_row][vc_row][vc_column][vc_column_text]Bire bir ko\u00e7luk s\u00fcrecinde amac\u0131m\u0131z, Ki\u015fisel geli\u015fime yat\u0131r\u0131m yapan bireylerin, kendilerini ger\u00e7ekle\u015ftirme ve ya\u015famlar\u0131n\u0131 t\u00fcm potansiyellerini ortaya \u00e7\u0131kartacak \u015fekilde s\u00fcrd\u00fcrme s\u00fcrecinde ula\u015fmak istedikleri hedeflere ula\u015fmalar\u0131 \u00f6n\u00fcndeki engelleri buldurarak geli\u015fim yolcuklar\u0131na e\u015flik etmek. VUCA ; V \u2013 volatility; U \u2013 uncertainty; C \u2013 complexity; A \u2013 ambiguity Yani, kaygan, kesintisiz, [&hellip;]<\/p>\n","protected":false},"author":1,"featured_media":0,"parent":0,"menu_order":0,"comment_status":"closed","ping_status":"closed","template":"","meta":[],"_links":{"self":[{"href":"https:\/\/www.rebustr.com\/index.php?rest_route=\/wp\/v2\/pages\/2238"}],"collection":[{"href":"https:\/\/www.rebustr.com\/index.php?rest_route=\/wp\/v2\/pages"}],"about":[{"href":"https:\/\/www.rebustr.com\/index.php?rest_route=\/wp\/v2\/types\/page"}],"author":[{"embeddable":true,"href":"https:\/\/www.rebustr.com\/index.php?rest_route=\/wp\/v2\/users\/1"}],"replies":[{"embeddable":true,"href":"https:\/\/www.rebustr.com\/index.php?rest_route=%2Fwp%2Fv2%2Fcomments&post=2238"}],"version-history":[{"count":3,"href":"https:\/\/www.rebustr.com\/index.php?rest_route=\/wp\/v2\/pages\/2238\/revisions"}],"predecessor-version":[{"id":2245,"href":"https:\/\/www.rebustr.com\/index.php?rest_route=\/wp\/v2\/pages\/2238\/revisions\/2245"}],"wp:attachment":[{"href":"https:\/\/www.rebustr.com\/index.php?rest_route=%2Fwp%2Fv2%2Fmedia&parent=2238"}],"curies":[{"name":"wp","href":"https:\/\/api.w.org\/{rel}","templated":true}]}}