{"id":2241,"date":"2022-02-24T09:14:42","date_gmt":"2022-02-24T09:14:42","guid":{"rendered":"http:\/\/www.rebustr.com\/?page_id=2241"},"modified":"2022-06-07T19:11:09","modified_gmt":"2022-06-07T19:11:09","slug":"2241-2","status":"publish","type":"page","link":"https:\/\/www.rebustr.com\/?page_id=2241","title":{"rendered":"Finansal Y\u00f6netim Dan\u0131\u015fmanl\u0131\u011f\u0131"},"content":{"rendered":"<p>[vc_row][vc_column][vc_custom_heading text=&#8221;Finansal Y\u00f6netim Dan\u0131\u015fmanl\u0131\u011f\u0131&#8221; font_container=&#8221;tag:h2|text_align:left|color:%2385276b&#8221; use_theme_fonts=&#8221;yes&#8221; css=&#8221;.vc_custom_1654605162139{margin-top: 50px !important;}&#8221;][\/vc_column][\/vc_row][vc_row][vc_column][vc_column_text]Finans Y\u00f6netimi ve S\u00fcre\u00e7leri Yap\u0131land\u0131rma Hizmetleri, Finansal Raporlama ve Entegre Performans Y\u00f6netimi, \u0130\u00e7 Kontrol, Risk Y\u00f6netimi, \u015eirket De\u011ferleme ba\u015fl\u0131klar\u0131nda kurumlara destek verebilmekteyiz.<\/p>\n<p><b>Finans Y\u00f6netimi ve S\u00fcre\u00e7leri Yap\u0131land\u0131rma Hizmetleri;<\/b><\/p>\n<ul>\n<li>Mali i\u015fler vizyon\/strateji ve hedeflerinin belirlenmesi<\/li>\n<li>Mali i\u015fler organizasyonu yap\u0131land\u0131rmas\u0131<\/li>\n<li>Mali i\u015fler s\u00fcre\u00e7 politika ve prosed\u00fcrlerinin yeniden yap\u0131land\u0131rmas\u0131<\/li>\n<li>Birle\u015fme sonras\u0131 entegrasyon<\/li>\n<li>Holding yap\u0131lar\u0131n\u0131n tasarlanmas\u0131<\/li>\n<li>Mali i\u015fler d\u00f6n\u00fc\u015f\u00fcm\u00fc uygulama ve yol haritas\u0131<\/li>\n<\/ul>\n<p><strong>Finansal Raporlama ve Entegre Performans Y\u00f6netimi Hizmetleri;<\/strong><\/p>\n<ul>\n<li>\u0130\u015fletme Sermayesi Nakit ve Risk Y\u00f6netimi<\/li>\n<li>Maliyet ve Karl\u0131l\u0131k Y\u00f6netimi<\/li>\n<li>\u015eirket De\u011ferleme Haz\u0131rl\u0131\u011f\u0131<\/li>\n<li>Y\u00f6netim ve Mali isler Raporlama Yap\u0131lar\u0131n\u0131n Kurulmas\u0131<\/li>\n<li>B\u00fct\u00e7e ve Planlama Yap\u0131s\u0131n\u0131n Kurulmas\u0131<\/li>\n<li>Aktivite bazl\u0131 maliyetlendirme \/ Aktivite bazl\u0131 y\u00f6netim<\/li>\n<li>\u0130\u015f Zekas\u0131, Mali Konsolidasyon, B\u00fct\u00e7e, Performans Y\u00f6netimi ve Y\u00f6netim Raporlamas\u0131 \u00c7\u00f6z\u00fcmleri uygulamalar\u0131<\/li>\n<\/ul>\n<p>[\/vc_column_text][\/vc_column][\/vc_row]<\/p>\n","protected":false},"excerpt":{"rendered":"<p>[vc_row][vc_column][vc_custom_heading text=&#8221;Finansal Y\u00f6netim Dan\u0131\u015fmanl\u0131\u011f\u0131&#8221; font_container=&#8221;tag:h2|text_align:left|color:%2385276b&#8221; use_theme_fonts=&#8221;yes&#8221; css=&#8221;.vc_custom_1654605162139{margin-top: 50px !important;}&#8221;][\/vc_column][\/vc_row][vc_row][vc_column][vc_column_text]Finans Y\u00f6netimi ve S\u00fcre\u00e7leri Yap\u0131land\u0131rma Hizmetleri, Finansal Raporlama ve Entegre Performans Y\u00f6netimi, \u0130\u00e7 Kontrol, Risk Y\u00f6netimi, \u015eirket De\u011ferleme ba\u015fl\u0131klar\u0131nda kurumlara destek verebilmekteyiz. Finans Y\u00f6netimi ve S\u00fcre\u00e7leri Yap\u0131land\u0131rma Hizmetleri; Mali i\u015fler vizyon\/strateji ve hedeflerinin belirlenmesi Mali i\u015fler organizasyonu yap\u0131land\u0131rmas\u0131 Mali i\u015fler s\u00fcre\u00e7 politika ve prosed\u00fcrlerinin yeniden yap\u0131land\u0131rmas\u0131 Birle\u015fme [&hellip;]<\/p>\n","protected":false},"author":1,"featured_media":0,"parent":0,"menu_order":0,"comment_status":"closed","ping_status":"closed","template":"","meta":[],"_links":{"self":[{"href":"https:\/\/www.rebustr.com\/index.php?rest_route=\/wp\/v2\/pages\/2241"}],"collection":[{"href":"https:\/\/www.rebustr.com\/index.php?rest_route=\/wp\/v2\/pages"}],"about":[{"href":"https:\/\/www.rebustr.com\/index.php?rest_route=\/wp\/v2\/types\/page"}],"author":[{"embeddable":true,"href":"https:\/\/www.rebustr.com\/index.php?rest_route=\/wp\/v2\/users\/1"}],"replies":[{"embeddable":true,"href":"https:\/\/www.rebustr.com\/index.php?rest_route=%2Fwp%2Fv2%2Fcomments&post=2241"}],"version-history":[{"count":7,"href":"https:\/\/www.rebustr.com\/index.php?rest_route=\/wp\/v2\/pages\/2241\/revisions"}],"predecessor-version":[{"id":2521,"href":"https:\/\/www.rebustr.com\/index.php?rest_route=\/wp\/v2\/pages\/2241\/revisions\/2521"}],"wp:attachment":[{"href":"https:\/\/www.rebustr.com\/index.php?rest_route=%2Fwp%2Fv2%2Fmedia&parent=2241"}],"curies":[{"name":"wp","href":"https:\/\/api.w.org\/{rel}","templated":true}]}}