{"id":2255,"date":"2022-02-24T09:20:14","date_gmt":"2022-02-24T09:20:14","guid":{"rendered":"http:\/\/www.rebustr.com\/?page_id=2255"},"modified":"2022-06-03T19:00:21","modified_gmt":"2022-06-03T19:00:21","slug":"2255-2","status":"publish","type":"page","link":"https:\/\/www.rebustr.com\/?page_id=2255","title":{"rendered":"Geli\u015fim Merkezi Uygulamas\u0131"},"content":{"rendered":"<p>[vc_row][vc_column][vc_custom_heading text=&#8221;Geli\u015fim Merkezi Uygulamas\u0131&#8221; font_container=&#8221;tag:h2|text_align:left|color:%2385276b&#8221; use_theme_fonts=&#8221;yes&#8221; css=&#8221;.vc_custom_1654282808305{margin-top: 40px !important;}&#8221;][\/vc_column][\/vc_row][vc_row][vc_column][vc_column_text]<\/p>\n<p style=\"font-weight: 400;\">Geli\u015fim merkezi uygulamas\u0131ndaki temel esas \u00d6\u011frenme \u00c7evikli\u011fi kuram\u0131n\u0131 da baz ald\u0131\u011f\u0131m\u0131zda asl\u0131nda bireyin bunca y\u0131l tecr\u00fcbe etti\u011fi ve hakim oldu\u011fu ortam\u0131n d\u0131\u015f\u0131nda bir g\u00fcn ge\u00e7irmesini ve daha \u00f6nce tecr\u00fcbe etmedi\u011fi bir dinamikte kendisini g\u00f6rebilmesini sa\u011flamakt\u0131r. Bu ama\u00e7la haz\u0131rlad\u0131\u011f\u0131m\u0131z Geli\u015fim Merkezi Uygulamalar\u0131m\u0131zda ama\u00e7 bireyin yeni ortama adapte h\u0131z\u0131n\u0131 g\u00f6rebilmesi, ge\u00e7mi\u015f \u00f6\u011frenmesini ilk kez kar\u015f\u0131la\u015ft\u0131\u011f\u0131 ortama nas\u0131l uyarlad\u0131\u011f\u0131 tespit edebilmesidir. Bu ama\u00e7la yap\u0131lan \u00e7al\u0131\u015fmalar\u0131n sonucunda adaylara birebir geri bildirimleri verilir ve geli\u015fmelerini e\u015flik edecek do\u011fru noktalara hizmet edecek rehber sunumu ile birlikte s\u00fcre\u00e7 tamamlan\u0131r.<\/p>\n<p>[\/vc_column_text][\/vc_column][\/vc_row][vc_row][vc_column][vc_empty_space height=&#8221;80px&#8221;][\/vc_column][\/vc_row]<\/p>\n","protected":false},"excerpt":{"rendered":"<p>[vc_row][vc_column][vc_custom_heading text=&#8221;Geli\u015fim Merkezi Uygulamas\u0131&#8221; font_container=&#8221;tag:h2|text_align:left|color:%2385276b&#8221; use_theme_fonts=&#8221;yes&#8221; css=&#8221;.vc_custom_1654282808305{margin-top: 40px !important;}&#8221;][\/vc_column][\/vc_row][vc_row][vc_column][vc_column_text] Geli\u015fim merkezi uygulamas\u0131ndaki temel esas \u00d6\u011frenme \u00c7evikli\u011fi kuram\u0131n\u0131 da baz ald\u0131\u011f\u0131m\u0131zda asl\u0131nda bireyin bunca y\u0131l tecr\u00fcbe etti\u011fi ve hakim oldu\u011fu ortam\u0131n d\u0131\u015f\u0131nda bir g\u00fcn ge\u00e7irmesini ve daha \u00f6nce tecr\u00fcbe etmedi\u011fi bir dinamikte kendisini g\u00f6rebilmesini sa\u011flamakt\u0131r. Bu ama\u00e7la haz\u0131rlad\u0131\u011f\u0131m\u0131z Geli\u015fim Merkezi Uygulamalar\u0131m\u0131zda ama\u00e7 bireyin yeni ortama adapte [&hellip;]<\/p>\n","protected":false},"author":1,"featured_media":0,"parent":0,"menu_order":0,"comment_status":"closed","ping_status":"closed","template":"","meta":[],"_links":{"self":[{"href":"https:\/\/www.rebustr.com\/index.php?rest_route=\/wp\/v2\/pages\/2255"}],"collection":[{"href":"https:\/\/www.rebustr.com\/index.php?rest_route=\/wp\/v2\/pages"}],"about":[{"href":"https:\/\/www.rebustr.com\/index.php?rest_route=\/wp\/v2\/types\/page"}],"author":[{"embeddable":true,"href":"https:\/\/www.rebustr.com\/index.php?rest_route=\/wp\/v2\/users\/1"}],"replies":[{"embeddable":true,"href":"https:\/\/www.rebustr.com\/index.php?rest_route=%2Fwp%2Fv2%2Fcomments&post=2255"}],"version-history":[{"count":6,"href":"https:\/\/www.rebustr.com\/index.php?rest_route=\/wp\/v2\/pages\/2255\/revisions"}],"predecessor-version":[{"id":2468,"href":"https:\/\/www.rebustr.com\/index.php?rest_route=\/wp\/v2\/pages\/2255\/revisions\/2468"}],"wp:attachment":[{"href":"https:\/\/www.rebustr.com\/index.php?rest_route=%2Fwp%2Fv2%2Fmedia&parent=2255"}],"curies":[{"name":"wp","href":"https:\/\/api.w.org\/{rel}","templated":true}]}}