{"id":2258,"date":"2022-02-24T09:21:36","date_gmt":"2022-02-24T09:21:36","guid":{"rendered":"http:\/\/www.rebustr.com\/?page_id=2258"},"modified":"2022-06-07T21:20:51","modified_gmt":"2022-06-07T21:20:51","slug":"2258-2","status":"publish","type":"page","link":"https:\/\/www.rebustr.com\/?page_id=2258","title":{"rendered":"Ki\u015fisel Ke\u015fif Programlar\u0131m\u0131z"},"content":{"rendered":"<p>[vc_row][vc_column][vc_custom_heading text=&#8221;Ki\u015fisel Ke\u015fif Programlar\u0131m\u0131z&#8221; font_container=&#8221;tag:h2|text_align:left|color:%2385276b&#8221; use_theme_fonts=&#8221;yes&#8221; css=&#8221;.vc_custom_1654636813403{margin-top: 50px !important;}&#8221;][\/vc_column][\/vc_row][vc_row][vc_column][vc_column_text]Her ge\u00e7en g\u00fcn zorlu\u011fu ve karma\u015f\u0131kl\u0131\u011f\u0131 artan ve rekabetin daha da belirginle\u015fti\u011fi i\u015f d\u00fcnyas\u0131nda kurumlar\u0131n nihai hedefi elbette s\u00fcrd\u00fcr\u00fclebilir geli\u015fim ve ba\u015far\u0131. Bu ba\u011flamda \u00e7al\u0131\u015fanlar\u0131n sahip oldu\u011fu bilgi ve becerilerin g\u00fcncellenmesi ve kar\u015f\u0131la\u015f\u0131lan zorluklar\u0131n \u00fcstesinden gelebilmesi i\u00e7in mesleki ve ki\u015fisel geli\u015fim e\u011fitimlerinin \u00f6nemi yads\u0131namazken, Rebus dan\u0131\u015fmanl\u0131k olarak ya\u015fant\u0131sal fark\u0131ndal\u0131k at\u00f6lyelerimiz ve sadece kurumumuzca haz\u0131rlanabilen geli\u015fim odakl\u0131 programlar\u0131m\u0131zla ilgili merak etti\u011finiz her t\u00fcrl\u00fc konu i\u00e7in e\u011fitim katalo\u011fumuzu inceleyebilirsiniz. S\u00fcrekli g\u00fcncellenen e\u011fitimlerimizde sizleri de aram\u0131zda g\u00f6rmekten b\u00fcy\u00fck mutluluk duyaca\u011f\u0131m\u0131z\u0131 belirtmek isteriz.<\/p>\n<p><a href=\"http:\/\/www.rebustr.com\/wp-content\/uploads\/2022\/06\/Rebus-Egitim_katalog.pdf\">E\u011fitim Katalo\u011funu \u0130ndir<\/a>[\/vc_column_text][\/vc_column][\/vc_row][vc_row][vc_column][vc_empty_space height=&#8221;72px&#8221;][\/vc_column][\/vc_row]<\/p>\n","protected":false},"excerpt":{"rendered":"<p>[vc_row][vc_column][vc_custom_heading text=&#8221;Ki\u015fisel Ke\u015fif Programlar\u0131m\u0131z&#8221; font_container=&#8221;tag:h2|text_align:left|color:%2385276b&#8221; use_theme_fonts=&#8221;yes&#8221; css=&#8221;.vc_custom_1654636813403{margin-top: 50px !important;}&#8221;][\/vc_column][\/vc_row][vc_row][vc_column][vc_column_text]Her ge\u00e7en g\u00fcn zorlu\u011fu ve karma\u015f\u0131kl\u0131\u011f\u0131 artan ve rekabetin daha da belirginle\u015fti\u011fi i\u015f d\u00fcnyas\u0131nda kurumlar\u0131n nihai hedefi elbette s\u00fcrd\u00fcr\u00fclebilir geli\u015fim ve ba\u015far\u0131. Bu ba\u011flamda \u00e7al\u0131\u015fanlar\u0131n sahip oldu\u011fu bilgi ve becerilerin g\u00fcncellenmesi ve kar\u015f\u0131la\u015f\u0131lan zorluklar\u0131n \u00fcstesinden gelebilmesi i\u00e7in mesleki ve ki\u015fisel geli\u015fim e\u011fitimlerinin \u00f6nemi yads\u0131namazken, Rebus dan\u0131\u015fmanl\u0131k olarak [&hellip;]<\/p>\n","protected":false},"author":1,"featured_media":0,"parent":0,"menu_order":0,"comment_status":"closed","ping_status":"closed","template":"","meta":[],"_links":{"self":[{"href":"https:\/\/www.rebustr.com\/index.php?rest_route=\/wp\/v2\/pages\/2258"}],"collection":[{"href":"https:\/\/www.rebustr.com\/index.php?rest_route=\/wp\/v2\/pages"}],"about":[{"href":"https:\/\/www.rebustr.com\/index.php?rest_route=\/wp\/v2\/types\/page"}],"author":[{"embeddable":true,"href":"https:\/\/www.rebustr.com\/index.php?rest_route=\/wp\/v2\/users\/1"}],"replies":[{"embeddable":true,"href":"https:\/\/www.rebustr.com\/index.php?rest_route=%2Fwp%2Fv2%2Fcomments&post=2258"}],"version-history":[{"count":7,"href":"https:\/\/www.rebustr.com\/index.php?rest_route=\/wp\/v2\/pages\/2258\/revisions"}],"predecessor-version":[{"id":2526,"href":"https:\/\/www.rebustr.com\/index.php?rest_route=\/wp\/v2\/pages\/2258\/revisions\/2526"}],"wp:attachment":[{"href":"https:\/\/www.rebustr.com\/index.php?rest_route=%2Fwp%2Fv2%2Fmedia&parent=2258"}],"curies":[{"name":"wp","href":"https:\/\/api.w.org\/{rel}","templated":true}]}}